{"id":11,"date":"2023-07-24T22:21:41","date_gmt":"2023-07-24T20:21:41","guid":{"rendered":"https:\/\/ihsi.fr\/?page_id=11"},"modified":"2023-09-04T21:40:06","modified_gmt":"2023-09-04T19:40:06","slug":"evenements","status":"publish","type":"page","link":"https:\/\/ihsi.fr\/index.php\/evenements\/","title":{"rendered":"\u00c9v\u00e8nements"},"content":{"rendered":"\n<h2 class=\"wp-block-heading\"><strong>\u00c9v\u00e8nements<\/strong> de l&rsquo;ann\u00e9e 2023 -24<\/h2>\n\n\n\n<p>Nous vous donnons rendez-vous pour les prochains \u00e9v\u00e9nements organis\u00e9s par l&rsquo;IHSI aux dates suivantes :<\/p>\n\n\n\n<ul class=\"wp-block-list\">\n<li>samedi 30 septembre 2023 ;<\/li>\n\n\n\n<li>samedi 18 novembre 2023 ;<\/li>\n\n\n\n<li>samedi 09 mars 2024 ;<\/li>\n\n\n\n<li>samedi 4 mai 2024.<\/li>\n<\/ul>\n\n\n\n<p>Tous ces \u00e9v\u00e9nements auront lieu  ;\u00e0 Dijon. Le lieu n&rsquo;est pas encore fix\u00e9 et il est susceptible de changer selon les dates.<\/p>\n\n\n\n<h2 class=\"wp-block-heading\"><strong>\u00c9v\u00e8nements<\/strong> pass\u00e9s<\/h2>\n\n\n\n<p>Les th\u00e8mes \u00e9tudi\u00e9s ont \u00e9t\u00e9 :<\/p>\n\n\n\n<ul class=\"wp-block-list\">\n<li>le d\u00e9bat ;<\/li>\n\n\n\n<li>pouvoir et contre-pouvoir.<\/li>\n<\/ul>\n","protected":false},"excerpt":{"rendered":"<p>\u00c9v\u00e8nements de l&rsquo;ann\u00e9e 2023 -24 Nous vous donnons rendez-vous pour les prochains \u00e9v\u00e9nements organis\u00e9s par l&rsquo;IHSI aux dates suivantes : Tous ces \u00e9v\u00e9nements auront lieu &hellip;<\/p>\n","protected":false},"author":1,"featured_media":0,"parent":0,"menu_order":0,"comment_status":"closed","ping_status":"closed","template":"","meta":{"footnotes":""},"class_list":["post-11","page","type-page","status-publish","hentry"],"_links":{"self":[{"href":"https:\/\/ihsi.fr\/index.php\/wp-json\/wp\/v2\/pages\/11","targetHints":{"allow":["GET"]}}],"collection":[{"href":"https:\/\/ihsi.fr\/index.php\/wp-json\/wp\/v2\/pages"}],"about":[{"href":"https:\/\/ihsi.fr\/index.php\/wp-json\/wp\/v2\/types\/page"}],"author":[{"embeddable":true,"href":"https:\/\/ihsi.fr\/index.php\/wp-json\/wp\/v2\/users\/1"}],"replies":[{"embeddable":true,"href":"https:\/\/ihsi.fr\/index.php\/wp-json\/wp\/v2\/comments?post=11"}],"version-history":[{"count":4,"href":"https:\/\/ihsi.fr\/index.php\/wp-json\/wp\/v2\/pages\/11\/revisions"}],"predecessor-version":[{"id":66,"href":"https:\/\/ihsi.fr\/index.php\/wp-json\/wp\/v2\/pages\/11\/revisions\/66"}],"wp:attachment":[{"href":"https:\/\/ihsi.fr\/index.php\/wp-json\/wp\/v2\/media?parent=11"}],"curies":[{"name":"wp","href":"https:\/\/api.w.org\/{rel}","templated":true}]}}