{"id":13,"date":"2023-07-24T22:22:38","date_gmt":"2023-07-24T20:22:38","guid":{"rendered":"https:\/\/ihsi.fr\/?page_id=13"},"modified":"2023-07-27T07:15:38","modified_gmt":"2023-07-27T05:15:38","slug":"saint-irenee","status":"publish","type":"page","link":"https:\/\/ihsi.fr\/index.php\/saint-irenee\/","title":{"rendered":"Saint Ir\u00e9n\u00e9e"},"content":{"rendered":"\n<h2 class=\"wp-block-heading\">Qui est Saint Ir\u00e9n\u00e9e ?<\/h2>\n\n\n\n<p class=\"has-text-align-center\">Comme il est commun\u00e9ment dit \u00ab\u00a0On connait peu de chose de la vie d&rsquo;Ir\u00e9n\u00e9e, dont la chronologie est mal \u00e9tablie, l&rsquo;essentiel provenant de quelques \u00e9l\u00e9ments de ses \u0153uvres et de ce qu&rsquo;en dit Eus\u00e8be de C\u00e9sar\u00e9e dans son <em>Histoire de l&rsquo;\u00c9glise<\/em>, dat\u00e9e des premi\u00e8res d\u00e9cennies du IV<sup>e<\/sup>&nbsp;si\u00e8cle.\u00a0\u00bb<\/p>\n\n\n\n<p>Les (maigres) \u00e9l\u00e9ments de sa biographie sont rappel\u00e9s par les papes lorsqu&rsquo;ils \u00e9voquent publiquement ce saint.<\/p>\n\n\n\n<p class=\"has-text-align-center\">On peut trouver ces \u00e9l\u00e9ments dans l&rsquo;audience g\u00e9n\u00e9rale de Beno\u00eet XVI en date du <a rel=\"noreferrer noopener\" href=\"https:\/\/www.vatican.va\/content\/benedict-xvi\/fr\/audiences\/2007\/documents\/hf_ben-xvi_aud_20070328.html\" data-type=\"URL\" data-id=\"https:\/\/www.vatican.va\/content\/benedict-xvi\/fr\/audiences\/2007\/documents\/hf_ben-xvi_aud_20070328.html\" target=\"_blank\">mercredi 28 mars 2007<\/a>, ainsi que dans la lettre apostolique de Fran\u00e7ois en date du <a rel=\"noreferrer noopener\" href=\"https:\/\/www.vatican.va\/content\/francesco\/fr\/apost_letters\/documents\/20220121-santireneo-dottoredellachiesa.html\" data-type=\"URL\" data-id=\"https:\/\/www.vatican.va\/content\/francesco\/fr\/apost_letters\/documents\/20220121-santireneo-dottoredellachiesa.html\" target=\"_blank\">21 janvier 2022<\/a> dans laquelle il proclame Saint Ir\u00e9n\u00e9e docteur de l&rsquo;\u00c9glise avec le titre de Doctor unitatis (docteur de l&rsquo;unit\u00e9). <\/p>\n\n\n\n<figure class=\"wp-block-image size-large\"><img loading=\"lazy\" decoding=\"async\" width=\"623\" height=\"1024\" src=\"https:\/\/ihsi.fr\/wp-content\/uploads\/2023\/07\/StIrenee-623x1024.jpg\" alt=\"\" class=\"wp-image-7\" srcset=\"https:\/\/ihsi.fr\/wp-content\/uploads\/2023\/07\/StIrenee-623x1024.jpg 623w, https:\/\/ihsi.fr\/wp-content\/uploads\/2023\/07\/StIrenee-182x300.jpg 182w, https:\/\/ihsi.fr\/wp-content\/uploads\/2023\/07\/StIrenee-768x1263.jpg 768w, https:\/\/ihsi.fr\/wp-content\/uploads\/2023\/07\/StIrenee-934x1536.jpg 934w, https:\/\/ihsi.fr\/wp-content\/uploads\/2023\/07\/StIrenee.jpg 1245w\" sizes=\"auto, (max-width: 623px) 100vw, 623px\" \/><\/figure>\n","protected":false},"excerpt":{"rendered":"<p>Qui est Saint Ir\u00e9n\u00e9e ? Comme il est commun\u00e9ment dit \u00ab\u00a0On connait peu de chose de la vie d&rsquo;Ir\u00e9n\u00e9e, dont la chronologie est mal \u00e9tablie, &hellip;<\/p>\n","protected":false},"author":1,"featured_media":0,"parent":0,"menu_order":0,"comment_status":"closed","ping_status":"closed","template":"","meta":{"footnotes":""},"class_list":["post-13","page","type-page","status-publish","hentry"],"_links":{"self":[{"href":"https:\/\/ihsi.fr\/index.php\/wp-json\/wp\/v2\/pages\/13","targetHints":{"allow":["GET"]}}],"collection":[{"href":"https:\/\/ihsi.fr\/index.php\/wp-json\/wp\/v2\/pages"}],"about":[{"href":"https:\/\/ihsi.fr\/index.php\/wp-json\/wp\/v2\/types\/page"}],"author":[{"embeddable":true,"href":"https:\/\/ihsi.fr\/index.php\/wp-json\/wp\/v2\/users\/1"}],"replies":[{"embeddable":true,"href":"https:\/\/ihsi.fr\/index.php\/wp-json\/wp\/v2\/comments?post=13"}],"version-history":[{"count":4,"href":"https:\/\/ihsi.fr\/index.php\/wp-json\/wp\/v2\/pages\/13\/revisions"}],"predecessor-version":[{"id":58,"href":"https:\/\/ihsi.fr\/index.php\/wp-json\/wp\/v2\/pages\/13\/revisions\/58"}],"wp:attachment":[{"href":"https:\/\/ihsi.fr\/index.php\/wp-json\/wp\/v2\/media?parent=13"}],"curies":[{"name":"wp","href":"https:\/\/api.w.org\/{rel}","templated":true}]}}