{"id":15,"date":"2023-07-24T22:23:34","date_gmt":"2023-07-24T20:23:34","guid":{"rendered":"https:\/\/ihsi.fr\/?page_id=15"},"modified":"2024-11-23T19:04:59","modified_gmt":"2024-11-23T18:04:59","slug":"ressources","status":"publish","type":"page","link":"https:\/\/ihsi.fr\/index.php\/ressources\/","title":{"rendered":"Ressources"},"content":{"rendered":"\n<p>Cette page vous propose les ressources utilis\u00e9es lors des diff\u00e9rents \u00e9v\u00e9nements organis\u00e9s par l&rsquo;IHSI.<\/p>\n\n\n\n<ul class=\"wp-block-list\">\n<li>comment saboter un <a rel=\"noreferrer noopener\" href=\"https:\/\/ihsi.fr\/wp-content\/uploads\/2023\/07\/SaboterDebat.pdf\" data-type=\"URL\" data-id=\"https:\/\/ihsi.fr\/wp-content\/uploads\/2023\/07\/SaboterDebat.pdf\" target=\"_blank\">d\u00e9bat<\/a> (08\/01\/2022) ;<\/li>\n\n\n\n<li>l&rsquo;<a rel=\"noreferrer noopener\" href=\"https:\/\/ihsi.fr\/wp-content\/uploads\/2023\/07\/20221119PouvoirAbus.pdf\" data-type=\"URL\" data-id=\"https:\/\/ihsi.fr\/wp-content\/uploads\/2023\/07\/20221119PouvoirAbus.pdf\" target=\"_blank\">abus de pouvoir<\/a> (19\/11\/2022).<\/li>\n<\/ul>\n\n\n\n<p>D&rsquo;autres ressources sont \u00e9galement utiles :<\/p>\n\n\n\n<ul class=\"wp-block-list\">\n<li>Le <a href=\"https:\/\/fr.zenit.org\/2024\/11\/22\/eduquer-cest-avoir-laudace-de-confirmer-lautre-avec-cette-expression-je-veux-que-tu-sois\/\">discours<\/a> du pape Fran\u00e7ois aux participants \u00e0 la premi\u00e8re Assembl\u00e9e pl\u00e9ni\u00e8re du Dicast\u00e8re pour la culture et l\u2019\u00e9ducation dans lequel on trouve ces phrases : <em>Nous n\u2019avons aucune raison d\u2019\u00eatre envahis par la peur. D\u2019abord parce que le Christ est notre guide et notre compagnon de route. Ensuite, parce que nous sommes les gardiens d\u2019un patrimoine culturel et \u00e9ducatif plus grand que nous. Nous sommes les h\u00e9ritiers des profondeurs d\u2019Augustin. Nous sommes les h\u00e9ritiers de la po\u00e9sie d\u2019\u00c9phrem le Syrien. Nous sommes les h\u00e9ritiers des \u00e9coles des cath\u00e9drales et de ceux qui ont invent\u00e9 les universit\u00e9s. De Thomas d\u2019Aquin et d\u2019Edith Stein. Nous sommes les h\u00e9ritiers d\u2019un peuple qui a command\u00e9 des \u0153uvres \u00e0 Beato Angelico et \u00e0 Mozart ou, plus r\u00e9cemment, \u00e0 Mark Rothko et \u00e0 Olivier Messiaen. Nous sommes les h\u00e9ritiers d\u2019artistes inspir\u00e9s par les myst\u00e8res du Christ. Nous sommes les h\u00e9ritiers de savants comme Blaise Pascal. En un mot, nous sommes les h\u00e9ritiers de la passion \u00e9ducative et culturelle de tant de saints<\/em>.<\/li>\n<\/ul>\n\n\n\n<p><\/p>\n","protected":false},"excerpt":{"rendered":"<p>Cette page vous propose les ressources utilis\u00e9es lors des diff\u00e9rents \u00e9v\u00e9nements organis\u00e9s par l&rsquo;IHSI. D&rsquo;autres ressources sont \u00e9galement utiles :<\/p>\n","protected":false},"author":1,"featured_media":0,"parent":0,"menu_order":0,"comment_status":"closed","ping_status":"closed","template":"","meta":{"footnotes":""},"class_list":["post-15","page","type-page","status-publish","hentry"],"_links":{"self":[{"href":"https:\/\/ihsi.fr\/index.php\/wp-json\/wp\/v2\/pages\/15","targetHints":{"allow":["GET"]}}],"collection":[{"href":"https:\/\/ihsi.fr\/index.php\/wp-json\/wp\/v2\/pages"}],"about":[{"href":"https:\/\/ihsi.fr\/index.php\/wp-json\/wp\/v2\/types\/page"}],"author":[{"embeddable":true,"href":"https:\/\/ihsi.fr\/index.php\/wp-json\/wp\/v2\/users\/1"}],"replies":[{"embeddable":true,"href":"https:\/\/ihsi.fr\/index.php\/wp-json\/wp\/v2\/comments?post=15"}],"version-history":[{"count":4,"href":"https:\/\/ihsi.fr\/index.php\/wp-json\/wp\/v2\/pages\/15\/revisions"}],"predecessor-version":[{"id":70,"href":"https:\/\/ihsi.fr\/index.php\/wp-json\/wp\/v2\/pages\/15\/revisions\/70"}],"wp:attachment":[{"href":"https:\/\/ihsi.fr\/index.php\/wp-json\/wp\/v2\/media?parent=15"}],"curies":[{"name":"wp","href":"https:\/\/api.w.org\/{rel}","templated":true}]}}