{"id":55,"date":"2023-07-27T07:13:22","date_gmt":"2023-07-27T05:13:22","guid":{"rendered":"https:\/\/ihsi.fr\/?page_id=55"},"modified":"2023-07-27T07:13:22","modified_gmt":"2023-07-27T05:13:22","slug":"linstitut","status":"publish","type":"page","link":"https:\/\/ihsi.fr\/index.php\/linstitut\/","title":{"rendered":"L&rsquo;Institut"},"content":{"rendered":"\n<p>L\u2019Institut des Humanit\u00e9s Saint Ir\u00e9n\u00e9e, se place comme son titre l\u2019indique sous le patronage du docteur de l\u2019\u00c9glise Saint Ir\u00e9n\u00e9e. C\u2019est un \u00e9v\u00eaque successeur de Saint Pothin au si\u00e8ge de Lyon. Il est n\u00e9 en Orient (Smyrne), a enseign\u00e9 et \u00e9crit \u00e0 propos des fausses id\u00e9es sur la foi qui circulaient \u00e0 son \u00e9poque et qui sont \u00e9galement d\u2019aujourd\u2019hui, mettant en \u00e9vidence qu\u2019il n\u2019y avait pas dans le christianisme d\u2019enseignement cach\u00e9 et que tout avait \u00e9t\u00e9 dit par le Christ et transmis par les ap\u00f4tres. Il est mort martyr.<\/p>\n\n\n\n<p>Comme l\u2019exprime le d\u00e9cret du Pape Fran\u00e7ois qui le proclame docteur de l\u2019\u00c9glise, \u00ab&nbsp;Saint Ir\u00e9n\u00e9e de Lyon, venu d\u2019Orient, a exerc\u00e9 son minist\u00e8re \u00e9piscopal en Occident : il a \u00e9t\u00e9 un pont spirituel et th\u00e9ologique entre les chr\u00e9tiens d\u2019Orient et d\u2019Occident&nbsp;\u00bb. C\u2019est pourquoi il fait l\u2019unit\u00e9 entre orthodoxes, catholiques et protestants.<\/p>\n\n\n\n<p>L\u2019IHSI propose \u00e0 des personnes en activit\u00e9 l\u2019opportunit\u00e9 de parfaire leurs connaissances culturelles, philosophiques, th\u00e9ologiques. L\u2019objectif est de les aider \u00e0 structurer leur pens\u00e9e pour comprendre le monde comme il va et \u00e0 discerner les orientations de leurs actions \u00e0 tous les niveaux avec un regard r\u00e9solument chr\u00e9tien. Des animations et des propositions pratiques ouvrent le champ de l\u2019exp\u00e9rience de connaissance.<\/p>\n\n\n\n<p>Ouvert \u00e0 tous, l\u2019IHSI s\u2019appuie sur la puissance civilisatrice du christianisme. Les participants \u00e0 ses formations ou \u00e0 des groupes de vie sont invit\u00e9s \u00e0 tirer profit de cette dynamique unique parmi tous les syst\u00e8mes de pens\u00e9e. L\u2019ambiance chaleureuse et la participation aux groupes de partage et de vie entretient un climat d\u2019entraide et d\u2019amiti\u00e9.<\/p>\n","protected":false},"excerpt":{"rendered":"<p>L\u2019Institut des Humanit\u00e9s Saint Ir\u00e9n\u00e9e, se place comme son titre l\u2019indique sous le patronage du docteur de l\u2019\u00c9glise Saint Ir\u00e9n\u00e9e. C\u2019est un \u00e9v\u00eaque successeur de &hellip;<\/p>\n","protected":false},"author":1,"featured_media":0,"parent":0,"menu_order":0,"comment_status":"closed","ping_status":"closed","template":"","meta":{"footnotes":""},"class_list":["post-55","page","type-page","status-publish","hentry"],"_links":{"self":[{"href":"https:\/\/ihsi.fr\/index.php\/wp-json\/wp\/v2\/pages\/55","targetHints":{"allow":["GET"]}}],"collection":[{"href":"https:\/\/ihsi.fr\/index.php\/wp-json\/wp\/v2\/pages"}],"about":[{"href":"https:\/\/ihsi.fr\/index.php\/wp-json\/wp\/v2\/types\/page"}],"author":[{"embeddable":true,"href":"https:\/\/ihsi.fr\/index.php\/wp-json\/wp\/v2\/users\/1"}],"replies":[{"embeddable":true,"href":"https:\/\/ihsi.fr\/index.php\/wp-json\/wp\/v2\/comments?post=55"}],"version-history":[{"count":1,"href":"https:\/\/ihsi.fr\/index.php\/wp-json\/wp\/v2\/pages\/55\/revisions"}],"predecessor-version":[{"id":56,"href":"https:\/\/ihsi.fr\/index.php\/wp-json\/wp\/v2\/pages\/55\/revisions\/56"}],"wp:attachment":[{"href":"https:\/\/ihsi.fr\/index.php\/wp-json\/wp\/v2\/media?parent=55"}],"curies":[{"name":"wp","href":"https:\/\/api.w.org\/{rel}","templated":true}]}}